{"id":84,"date":"2020-05-13T23:28:46","date_gmt":"2020-05-13T21:28:46","guid":{"rendered":"https:\/\/www.jamhouseband.at\/?page_id=84"},"modified":"2021-01-01T21:24:23","modified_gmt":"2021-01-01T20:24:23","slug":"gute-freunde-hinterlassen-spuren","status":"publish","type":"page","link":"https:\/\/www.jamhouseband.at\/?page_id=84","title":{"rendered":"Jamhouseband\u00b4s Spuren"},"content":{"rendered":"\t\t<div data-elementor-type=\"wp-page\" data-elementor-id=\"84\" class=\"elementor elementor-84\">\n\t\t\t\t\t\t<section class=\"elementor-section elementor-top-section elementor-element elementor-element-2fc365e5 elementor-section-full_width elementor-section-height-default elementor-section-height-default\" data-id=\"2fc365e5\" data-element_type=\"section\" data-e-type=\"section\">\n\t\t\t\t\t\t<div class=\"elementor-container elementor-column-gap-default\">\n\t\t\t\t\t<div class=\"elementor-column elementor-col-100 elementor-top-column elementor-element elementor-element-5a9af9ec\" data-id=\"5a9af9ec\" data-element_type=\"column\" data-e-type=\"column\">\n\t\t\t<div class=\"elementor-widget-wrap elementor-element-populated\">\n\t\t\t\t\t\t<div class=\"elementor-element elementor-element-f09e5c7 elementor-widget elementor-widget-text-editor\" data-id=\"f09e5c7\" data-element_type=\"widget\" data-e-type=\"widget\" data-widget_type=\"text-editor.default\">\n\t\t\t\t\t\t\t\t\t<blockquote>\n<h4><em>&#8230;gute Freunde hinterlassen Spuren, jeder Ton ist eine Erinnerung an sie&#8220;\u00a0 &#8230;. Christian Bayer<\/em><\/h4>\n<\/blockquote>\t\t\t\t\t\t\t\t<\/div>\n\t\t\t\t<div class=\"elementor-element elementor-element-67e53945 elementor-widget elementor-widget-text-editor\" data-id=\"67e53945\" data-element_type=\"widget\" data-e-type=\"widget\" data-widget_type=\"text-editor.default\">\n\t\t\t\t\t\t\t\t\t<p>\u00a0<\/p>\n\n<p class=\"has-medium-font-size\" style=\"text-align: left;\"><span style=\"color: #000000;\">Die Jamhouseband ist eine 1 Mann Band mit vielen Gleichgesinnten.<\/span><\/p>\n<p><span style=\"color: #000000;\"><\/span><\/p>\n<p class=\"has-medium-font-size\"><span style=\"color: #000000;\">Ob als Duo, Trio, Quartett in Vollbesetzung oder im kleinsten Rahmen als S\u00e4nger mit Gitarre versuche ich, meinen Kunden die musikalischen W\u00fcnsche zu erf\u00fcllen.<\/span><\/p>\n<p><span style=\"color: #000000;\"><\/span><\/p>\n<p class=\"has-medium-font-size\"><span style=\"color: #000000;\">Der Bandpool besteht aus vielen erfahrenen Musikerinnen und Musikern.<\/span><\/p>\n<p><span style=\"color: #000000;\"><\/span><\/p>\n<p class=\"has-medium-font-size\"><span style=\"color: #000000;\">Ich spiele alles live und echt. Authentizit\u00e4t ist mir wichtig.<\/span><\/p>\n<p><span style=\"color: #000000;\"><\/span><\/p>\n<p class=\"has-medium-font-size\"><span style=\"color: #000000;\">So ist eine Reproduktion eines Werkes mit kleiner Besetzung immer auch ein klangliches Abenteuer, zu dem ich von ganzem Herzen einlade.<\/span><\/p>\n\t\t\t\t\t\t\t\t<\/div>\n\t\t\t\t\t<\/div>\n\t\t<\/div>\n\t\t\t\t\t<\/div>\n\t\t<\/section>\n\t\t\t\t<\/div>\n\t\t","protected":false},"excerpt":{"rendered":"<p>&#8230;gute Freunde hinterlassen Spuren, jeder Ton ist eine Erinnerung an sie&#8220;\u00a0 &#8230;. Christian Bayer \u00a0 Die Jamhouseband ist eine 1 Mann Band mit vielen Gleichgesinnten. Ob als Duo, Trio, Quartett in Vollbesetzung oder im kleinsten Rahmen als S\u00e4nger mit Gitarre versuche ich, meinen Kunden die musikalischen W\u00fcnsche zu erf\u00fcllen. Der Bandpool besteht aus vielen erfahrenen [&hellip;]<\/p>\n","protected":false},"author":1,"featured_media":65,"parent":0,"menu_order":0,"comment_status":"closed","ping_status":"closed","template":"","meta":{"site-sidebar-layout":"default","site-content-layout":"default","ast-site-content-layout":"default","site-content-style":"default","site-sidebar-style":"default","ast-global-header-display":"","ast-banner-title-visibility":"","ast-main-header-display":"","ast-hfb-above-header-display":"","ast-hfb-below-header-display":"","ast-hfb-mobile-header-display":"","site-post-title":"","ast-breadcrumbs-content":"","ast-featured-img":"","footer-sml-layout":"","ast-disable-related-posts":"","theme-transparent-header-meta":"default","adv-header-id-meta":"","stick-header-meta":"","header-above-stick-meta":"","header-main-stick-meta":"","header-below-stick-meta":"","astra-migrate-meta-layouts":"default","ast-page-background-enabled":"default","ast-page-background-meta":{"desktop":{"background-color":"","background-image":"","background-repeat":"repeat","background-position":"center center","background-size":"auto","background-attachment":"scroll","background-type":"","background-media":"","overlay-type":"","overlay-color":"","overlay-opacity":"","overlay-gradient":""},"tablet":{"background-color":"","background-image":"","background-repeat":"repeat","background-position":"center center","background-size":"auto","background-attachment":"scroll","background-type":"","background-media":"","overlay-type":"","overlay-color":"","overlay-opacity":"","overlay-gradient":""},"mobile":{"background-color":"","background-image":"","background-repeat":"repeat","background-position":"center center","background-size":"auto","background-attachment":"scroll","background-type":"","background-media":"","overlay-type":"","overlay-color":"","overlay-opacity":"","overlay-gradient":""}},"ast-content-background-meta":{"desktop":{"background-color":"var(--ast-global-color-5)","background-image":"","background-repeat":"repeat","background-position":"center center","background-size":"auto","background-attachment":"scroll","background-type":"","background-media":"","overlay-type":"","overlay-color":"","overlay-opacity":"","overlay-gradient":""},"tablet":{"background-color":"var(--ast-global-color-5)","background-image":"","background-repeat":"repeat","background-position":"center center","background-size":"auto","background-attachment":"scroll","background-type":"","background-media":"","overlay-type":"","overlay-color":"","overlay-opacity":"","overlay-gradient":""},"mobile":{"background-color":"var(--ast-global-color-5)","background-image":"","background-repeat":"repeat","background-position":"center center","background-size":"auto","background-attachment":"scroll","background-type":"","background-media":"","overlay-type":"","overlay-color":"","overlay-opacity":"","overlay-gradient":""}},"footnotes":""},"class_list":["post-84","page","type-page","status-publish","has-post-thumbnail","hentry"],"_links":{"self":[{"href":"https:\/\/www.jamhouseband.at\/index.php?rest_route=\/wp\/v2\/pages\/84","targetHints":{"allow":["GET"]}}],"collection":[{"href":"https:\/\/www.jamhouseband.at\/index.php?rest_route=\/wp\/v2\/pages"}],"about":[{"href":"https:\/\/www.jamhouseband.at\/index.php?rest_route=\/wp\/v2\/types\/page"}],"author":[{"embeddable":true,"href":"https:\/\/www.jamhouseband.at\/index.php?rest_route=\/wp\/v2\/users\/1"}],"replies":[{"embeddable":true,"href":"https:\/\/www.jamhouseband.at\/index.php?rest_route=%2Fwp%2Fv2%2Fcomments&post=84"}],"version-history":[{"count":11,"href":"https:\/\/www.jamhouseband.at\/index.php?rest_route=\/wp\/v2\/pages\/84\/revisions"}],"predecessor-version":[{"id":365,"href":"https:\/\/www.jamhouseband.at\/index.php?rest_route=\/wp\/v2\/pages\/84\/revisions\/365"}],"wp:featuredmedia":[{"embeddable":true,"href":"https:\/\/www.jamhouseband.at\/index.php?rest_route=\/wp\/v2\/media\/65"}],"wp:attachment":[{"href":"https:\/\/www.jamhouseband.at\/index.php?rest_route=%2Fwp%2Fv2%2Fmedia&parent=84"}],"curies":[{"name":"wp","href":"https:\/\/api.w.org\/{rel}","templated":true}]}}