{"id":90,"date":"2020-05-14T00:06:14","date_gmt":"2020-05-13T22:06:14","guid":{"rendered":"https:\/\/www.jamhouseband.at\/?page_id=90"},"modified":"2021-01-01T21:29:46","modified_gmt":"2021-01-01T20:29:46","slug":"ueber-mich","status":"publish","type":"page","link":"https:\/\/www.jamhouseband.at\/?page_id=90","title":{"rendered":"\u00dcber mich"},"content":{"rendered":"\t\t<div data-elementor-type=\"wp-page\" data-elementor-id=\"90\" class=\"elementor elementor-90\">\n\t\t\t\t\t\t<section class=\"elementor-section elementor-top-section elementor-element elementor-element-86cae7f elementor-section-boxed elementor-section-height-default elementor-section-height-default\" data-id=\"86cae7f\" data-element_type=\"section\" data-e-type=\"section\">\n\t\t\t\t\t\t<div class=\"elementor-container elementor-column-gap-default\">\n\t\t\t\t\t<div class=\"elementor-column elementor-col-100 elementor-top-column elementor-element elementor-element-ac2d5ea\" data-id=\"ac2d5ea\" data-element_type=\"column\" data-e-type=\"column\">\n\t\t\t<div class=\"elementor-widget-wrap elementor-element-populated\">\n\t\t\t\t\t\t<div class=\"elementor-element elementor-element-a504911 elementor-widget elementor-widget-image\" data-id=\"a504911\" data-element_type=\"widget\" data-e-type=\"widget\" data-widget_type=\"image.default\">\n\t\t\t\t\t\t\t\t\t\t\t\t\t\t\t<img fetchpriority=\"high\" decoding=\"async\" width=\"300\" height=\"266\" src=\"https:\/\/www.jamhouseband.at\/wp-content\/uploads\/2020\/05\/DSC_0066-300x266.jpg\" class=\"attachment-medium size-medium wp-image-124\" alt=\"\" srcset=\"https:\/\/www.jamhouseband.at\/wp-content\/uploads\/2020\/05\/DSC_0066-300x266.jpg 300w, https:\/\/www.jamhouseband.at\/wp-content\/uploads\/2020\/05\/DSC_0066-1024x909.jpg 1024w, https:\/\/www.jamhouseband.at\/wp-content\/uploads\/2020\/05\/DSC_0066-768x682.jpg 768w, https:\/\/www.jamhouseband.at\/wp-content\/uploads\/2020\/05\/DSC_0066-1536x1364.jpg 1536w, https:\/\/www.jamhouseband.at\/wp-content\/uploads\/2020\/05\/DSC_0066-2048x1819.jpg 2048w\" sizes=\"(max-width: 300px) 100vw, 300px\" \/>\t\t\t\t\t\t\t\t\t\t\t\t\t\t\t<\/div>\n\t\t\t\t\t<\/div>\n\t\t<\/div>\n\t\t\t\t\t<\/div>\n\t\t<\/section>\n\t\t\t\t<section class=\"elementor-section elementor-top-section elementor-element elementor-element-593aef1 elementor-section-boxed elementor-section-height-default elementor-section-height-default\" data-id=\"593aef1\" data-element_type=\"section\" data-e-type=\"section\">\n\t\t\t\t\t\t<div class=\"elementor-container elementor-column-gap-default\">\n\t\t\t\t\t<div class=\"elementor-column elementor-col-100 elementor-top-column elementor-element elementor-element-2ca17f7\" data-id=\"2ca17f7\" data-element_type=\"column\" data-e-type=\"column\">\n\t\t\t<div class=\"elementor-widget-wrap elementor-element-populated\">\n\t\t\t\t\t\t<div class=\"elementor-element elementor-element-98f223d elementor-widget elementor-widget-text-editor\" data-id=\"98f223d\" data-element_type=\"widget\" data-e-type=\"widget\" data-widget_type=\"text-editor.default\">\n\t\t\t\t\t\t\t\t\t<blockquote><h3 style=\"font-style: normal;\"><span style=\"color: #000000;\">&#8222;&#8230;Seit ich denken kann, ist Musik in meiner Familie allgegenw\u00e4rtig&#8230;.&#8220;\u00a0<\/span><\/h3><\/blockquote><h3><span style=\"color: #000000;\">\u00a0<\/span><\/h3><h3><span style=\"color: #000000;\">Meine ersten Erfahrungen im Live- Business machte ich mit der Tanzmusikkapelle &#8222;Royal Seven&#8220; um sp\u00e4ter als Bassist, Gitarrist, Bandgr\u00fcnder, Projektmusiker und Songwriter, meine Erfahrungen zu sammeln.\u00a0<\/span><\/h3><h3><span style=\"color: #000000;\">So war ich Mitbegr\u00fcnder der Acid-Jazz- Formation &#8222;YOH&#8220; und Bandmitglied vieler Projekte. <\/span><\/h3><h3><span style=\"color: #000000;\">Pr\u00e4gende Formationen waren Tucano Percussion, Leap in the Dark und die JugendBigBand Wartberg\/Krems. <\/span><\/h3><h3><span style=\"color: #000000;\">Nach der Bandaufl\u00f6sung von &#8222;Royal Seven&#8220; erfolgte ein Engagement bei der Band &#8222;Charisma&#8220; als Bassist. Als Substitut war ich t\u00e4tig in der LEWIS NIDERMAN BAND, wo ich beim Countryfestival in Chemniz den gr\u00f6\u00dften Auftritt meines Lebens vor vielen tausend Menschen im Publikum hatte.<\/span><\/h3><h3><span style=\"color: #000000;\">Ein weiterer H\u00f6hepunkt meines bisherigen Musikerlebens waren die Auftritte der Jugendchorformation des Stiftes Kremsm\u00fcnster. Bei den Auftritten unter der Leitung von Pater Johannes Cempirek sind die Firmlingsjugendvesper im Linzer Mariendom mit mehreren tausend Jugendlichen und das &#8222;on fire&#8220; Pfingsttreffen in bleibender Erinnerung.\u00a0<\/span><\/h3><h3><span style=\"color: #000000;\">Mein Handwerk lernte ich von Grund auf von Andreas Neugebauer, bei dessen Band &#8222;Tucano Percussion&#8220; ich sp\u00e4ter f\u00fcr den Groove mit dem Drummer Rainer <\/span><span style=\"color: #000000;\">Deixler <\/span><span style=\"color: #000000;\">zust\u00e4ndig war. Die N\u00e4he zu Jazz und Popularmusik ist meinen Mentoren Hermann und Robert Miesbauer von der RAT BIG BAND zuzuschreiben. Im haupts\u00e4chlichen Selbststudium konnte ich bei den Bassisten <\/span><span style=\"color: #000000;\">Johannes Fellner, Peter Ehrenreich und Christian Steiner \u00fcber Jahre immer wieder <\/span><span style=\"color: #000000;\">Einzelunterricht genie\u00dfen.\u00a0<\/span><\/h3><h3><span style=\"color: #000000;\">Die grunds\u00e4tzliche Liebe zur Musik verdanke ich meinem Vater Josef Lang, der in der &#8222;Gerstl Musi&#8220; nach wie vor mit Begeisterung musiziert. <\/span><\/h3><h3><span style=\"color: #000000;\">Heute widme ich mich zum gr\u00f6\u00dften Teil meiner eigenen Musik und versuche, bei den kleinen und sehr pers\u00f6nlichen Auftritten m\u00f6glichst viel Freude zu versp\u00fcren &#8230;. um diese augenblicklich mit meinem Publikum zu teilen.<\/span><\/h3>\t\t\t\t\t\t\t\t<\/div>\n\t\t\t\t\t<\/div>\n\t\t<\/div>\n\t\t\t\t\t<\/div>\n\t\t<\/section>\n\t\t\t\t<\/div>\n\t\t","protected":false},"excerpt":{"rendered":"<p>&#8222;&#8230;Seit ich denken kann, ist Musik in meiner Familie allgegenw\u00e4rtig&#8230;.&#8220;\u00a0 \u00a0 Meine ersten Erfahrungen im Live- Business machte ich mit der Tanzmusikkapelle &#8222;Royal Seven&#8220; um sp\u00e4ter als Bassist, Gitarrist, Bandgr\u00fcnder, Projektmusiker und Songwriter, meine Erfahrungen zu sammeln.\u00a0 So war ich Mitbegr\u00fcnder der Acid-Jazz- Formation &#8222;YOH&#8220; und Bandmitglied vieler Projekte. Pr\u00e4gende Formationen waren Tucano Percussion, Leap [&hellip;]<\/p>\n","protected":false},"author":1,"featured_media":0,"parent":0,"menu_order":0,"comment_status":"closed","ping_status":"closed","template":"","meta":{"site-sidebar-layout":"no-sidebar","site-content-layout":"page-builder","ast-site-content-layout":"default","site-content-style":"default","site-sidebar-style":"default","ast-global-header-display":"","ast-banner-title-visibility":"","ast-main-header-display":"","ast-hfb-above-header-display":"","ast-hfb-below-header-display":"","ast-hfb-mobile-header-display":"","site-post-title":"disabled","ast-breadcrumbs-content":"","ast-featured-img":"disabled","footer-sml-layout":"","ast-disable-related-posts":"","theme-transparent-header-meta":"default","adv-header-id-meta":"","stick-header-meta":"","header-above-stick-meta":"","header-main-stick-meta":"","header-below-stick-meta":"","astra-migrate-meta-layouts":"default","ast-page-background-enabled":"default","ast-page-background-meta":{"desktop":{"background-color":"","background-image":"","background-repeat":"repeat","background-position":"center center","background-size":"auto","background-attachment":"scroll","background-type":"","background-media":"","overlay-type":"","overlay-color":"","overlay-opacity":"","overlay-gradient":""},"tablet":{"background-color":"","background-image":"","background-repeat":"repeat","background-position":"center center","background-size":"auto","background-attachment":"scroll","background-type":"","background-media":"","overlay-type":"","overlay-color":"","overlay-opacity":"","overlay-gradient":""},"mobile":{"background-color":"","background-image":"","background-repeat":"repeat","background-position":"center center","background-size":"auto","background-attachment":"scroll","background-type":"","background-media":"","overlay-type":"","overlay-color":"","overlay-opacity":"","overlay-gradient":""}},"ast-content-background-meta":{"desktop":{"background-color":"var(--ast-global-color-5)","background-image":"","background-repeat":"repeat","background-position":"center center","background-size":"auto","background-attachment":"scroll","background-type":"","background-media":"","overlay-type":"","overlay-color":"","overlay-opacity":"","overlay-gradient":""},"tablet":{"background-color":"var(--ast-global-color-5)","background-image":"","background-repeat":"repeat","background-position":"center center","background-size":"auto","background-attachment":"scroll","background-type":"","background-media":"","overlay-type":"","overlay-color":"","overlay-opacity":"","overlay-gradient":""},"mobile":{"background-color":"var(--ast-global-color-5)","background-image":"","background-repeat":"repeat","background-position":"center center","background-size":"auto","background-attachment":"scroll","background-type":"","background-media":"","overlay-type":"","overlay-color":"","overlay-opacity":"","overlay-gradient":""}},"footnotes":""},"class_list":["post-90","page","type-page","status-publish","hentry"],"_links":{"self":[{"href":"https:\/\/www.jamhouseband.at\/index.php?rest_route=\/wp\/v2\/pages\/90","targetHints":{"allow":["GET"]}}],"collection":[{"href":"https:\/\/www.jamhouseband.at\/index.php?rest_route=\/wp\/v2\/pages"}],"about":[{"href":"https:\/\/www.jamhouseband.at\/index.php?rest_route=\/wp\/v2\/types\/page"}],"author":[{"embeddable":true,"href":"https:\/\/www.jamhouseband.at\/index.php?rest_route=\/wp\/v2\/users\/1"}],"replies":[{"embeddable":true,"href":"https:\/\/www.jamhouseband.at\/index.php?rest_route=%2Fwp%2Fv2%2Fcomments&post=90"}],"version-history":[{"count":22,"href":"https:\/\/www.jamhouseband.at\/index.php?rest_route=\/wp\/v2\/pages\/90\/revisions"}],"predecessor-version":[{"id":371,"href":"https:\/\/www.jamhouseband.at\/index.php?rest_route=\/wp\/v2\/pages\/90\/revisions\/371"}],"wp:attachment":[{"href":"https:\/\/www.jamhouseband.at\/index.php?rest_route=%2Fwp%2Fv2%2Fmedia&parent=90"}],"curies":[{"name":"wp","href":"https:\/\/api.w.org\/{rel}","templated":true}]}}