{"id":96,"date":"2020-05-14T00:05:21","date_gmt":"2020-05-13T22:05:21","guid":{"rendered":"https:\/\/www.jamhouseband.at\/?page_id=96"},"modified":"2020-05-14T16:23:58","modified_gmt":"2020-05-14T14:23:58","slug":"impressum","status":"publish","type":"page","link":"https:\/\/www.jamhouseband.at\/?page_id=96","title":{"rendered":"Impressum"},"content":{"rendered":"\t\t<div data-elementor-type=\"wp-page\" data-elementor-id=\"96\" class=\"elementor elementor-96\">\n\t\t\t\t\t\t<section class=\"elementor-section elementor-top-section elementor-element elementor-element-6caa796 elementor-section-boxed elementor-section-height-default elementor-section-height-default\" data-id=\"6caa796\" data-element_type=\"section\" data-e-type=\"section\">\n\t\t\t\t\t\t<div class=\"elementor-container elementor-column-gap-default\">\n\t\t\t\t\t<div class=\"elementor-column elementor-col-100 elementor-top-column elementor-element elementor-element-46a77bd\" data-id=\"46a77bd\" data-element_type=\"column\" data-e-type=\"column\">\n\t\t\t<div class=\"elementor-widget-wrap elementor-element-populated\">\n\t\t\t\t\t\t<div class=\"elementor-element elementor-element-bed0cb2 elementor-widget elementor-widget-text-editor\" data-id=\"bed0cb2\" data-element_type=\"widget\" data-e-type=\"widget\" data-widget_type=\"text-editor.default\">\n\t\t\t\t\t\t\t\t\t<h4 style=\"margin-bottom: 0.5rem; font-weight: 300; line-height: 1.2; color: rgb(33, 37, 41); font-size: 1.5rem; font-style: normal;\">Impressum<\/h4><p style=\"margin-bottom: 1rem; color: rgb(33, 37, 41); font-size: 16px; font-style: normal; font-weight: 400;\"><span style=\"font-weight: bolder;\">Informationen und Offenlegung gem\u00e4\u00df \u00a75 (1) ECG, \u00a7 25 MedienG, \u00a7 63 GewO und \u00a7 14 UGB<\/span><\/p><p style=\"margin-bottom: 1rem; color: rgb(33, 37, 41); font-size: 16px; font-style: normal; font-weight: 400;\"><span style=\"font-weight: bolder;\">Webseitenbetreiber:<\/span>&nbsp;Christian Bayer<\/p><p style=\"margin-bottom: 1rem; color: rgb(33, 37, 41); font-size: 16px; font-style: normal; font-weight: 400;\"><span style=\"font-weight: bolder;\">Anschrift:<\/span>&nbsp;Weidenstra\u00dfe 3, 4111 Walding<\/p><p style=\"margin-bottom: 1rem; color: rgb(33, 37, 41); font-size: 16px; font-style: normal; font-weight: 400;\"><span style=\"font-size: 16px; font-weight: bolder;\">Kontaktdaten:<\/span><br><\/p><p style=\"margin-bottom: 1rem; color: rgb(33, 37, 41); font-size: 16px; font-style: normal; font-weight: 400;\">Telefon: 06648234469<br>Email: christian.bayer@jamhouseband.at<br><\/p><p style=\"margin-bottom: 1rem; color: rgb(33, 37, 41); font-size: 16px; font-style: normal; font-weight: 400;\"><span style=\"font-weight: bolder;\">Anwendbare Rechtsvorschrift:<\/span>&nbsp;www.ris.bka.gv.at<br><span style=\"font-weight: bolder;\">Berufsbezeichnung: Musiker, Songwriter<\/span><\/p><p style=\"margin-bottom: 1rem; color: rgb(33, 37, 41); font-size: 16px; font-style: normal; font-weight: 400;\"><span style=\"font-weight: bolder;\">Online Streitbeilegung:<\/span>&nbsp;Verbraucher, welche in \u00d6sterreich oder in einem sonstigen Vertragsstaat der ODR-VO niedergelassen sind, haben die M\u00f6glichkeit Probleme bez\u00fcglich dem entgeltlichen Kauf von Waren oder Dienstleistungen im Rahmen einer Online-Streitbeilegung (nach OS, AStG) zu l\u00f6sen. Die alternative Streitbeilegung ist f\u00fcr Probleme zwischen Unternehmern und Verbrauchern. Die Europa\u0308ische Kommission stellt eine Plattform hierf\u00fcr bereit: https:\/\/ec.europa.eu\/consumers\/odr<\/p><p style=\"margin-bottom: 1rem; color: rgb(33, 37, 41); font-size: 16px; font-style: normal; font-weight: 400;\"><span style=\"font-weight: bolder;\">Urheberrecht:<\/span>&nbsp;Die Inhalte dieser Webseite unterliegen, soweit dies rechtlich m\u00f6glich ist, diversen Schutzrechten (z.B dem Urheberrecht). Jegliche Verwendung\/Verbreitung von bereitgestelltem Material, welche urheberrechtlich untersagt ist, bedarf schriftlicher Zustimmung des Webseitenbetreibers.<\/p><p style=\"margin-bottom: 1rem; color: rgb(33, 37, 41); font-size: 16px; font-style: normal; font-weight: 400;\"><span style=\"font-weight: bolder;\">Haftungsausschluss:<\/span>&nbsp;Trotz sorgf\u00e4ltiger inhaltlicher Kontrolle \u00fcbernimmt der Webseitenbetreiber dieser Webseite keine Haftung f\u00fcr die Inhalte externer Links. F\u00fcr den Inhalt der verlinkten Seiten sind ausschlie\u00dflich deren Betreiber verantwortlich. Sollten Sie dennoch auf ausgehende Links aufmerksam werden, welche auf eine Webseite mit rechtswidriger T\u00e4tigkeit\/Information verweisen, ersuchen wir um dementsprechenden Hinweis, um diesen nach \u00a7 17 Abs. 2 ECG umgehend zu entfernen.<br>Die Urheberrechte Dritter werden vom Betreiber dieser Webseite mit bestm\u00f6glicher Sorgfalt beachtet. Sollten Sie trotzdem auf eine Urheberrechtsverletzung aufmerksam werden, bitten wir um einen entsprechenden Hinweis. Bei Bekanntwerden derartiger Rechtsverletzungen werden wir den betroffenen Inhalt umgehend entfernen.<\/p><p style=\"margin-bottom: 1rem; color: rgb(33, 37, 41); font-size: 16px; font-style: normal; font-weight: 400;\"><br><\/p>\t\t\t\t\t\t\t\t<\/div>\n\t\t\t\t\t<\/div>\n\t\t<\/div>\n\t\t\t\t\t<\/div>\n\t\t<\/section>\n\t\t\t\t<\/div>\n\t\t","protected":false},"excerpt":{"rendered":"<p>Impressum Informationen und Offenlegung gem\u00e4\u00df \u00a75 (1) ECG, \u00a7 25 MedienG, \u00a7 63 GewO und \u00a7 14 UGB Webseitenbetreiber:&nbsp;Christian Bayer Anschrift:&nbsp;Weidenstra\u00dfe 3, 4111 Walding Kontaktdaten: Telefon: 06648234469Email: christian.bayer@jamhouseband.at Anwendbare Rechtsvorschrift:&nbsp;www.ris.bka.gv.atBerufsbezeichnung: Musiker, Songwriter Online Streitbeilegung:&nbsp;Verbraucher, welche in \u00d6sterreich oder in einem sonstigen Vertragsstaat der ODR-VO niedergelassen sind, haben die M\u00f6glichkeit Probleme bez\u00fcglich dem entgeltlichen Kauf von [&hellip;]<\/p>\n","protected":false},"author":1,"featured_media":0,"parent":0,"menu_order":0,"comment_status":"closed","ping_status":"closed","template":"","meta":{"site-sidebar-layout":"no-sidebar","site-content-layout":"page-builder","ast-site-content-layout":"default","site-content-style":"default","site-sidebar-style":"default","ast-global-header-display":"","ast-banner-title-visibility":"","ast-main-header-display":"","ast-hfb-above-header-display":"","ast-hfb-below-header-display":"","ast-hfb-mobile-header-display":"","site-post-title":"disabled","ast-breadcrumbs-content":"","ast-featured-img":"disabled","footer-sml-layout":"","ast-disable-related-posts":"","theme-transparent-header-meta":"default","adv-header-id-meta":"","stick-header-meta":"","header-above-stick-meta":"","header-main-stick-meta":"","header-below-stick-meta":"","astra-migrate-meta-layouts":"default","ast-page-background-enabled":"default","ast-page-background-meta":{"desktop":{"background-color":"","background-image":"","background-repeat":"repeat","background-position":"center center","background-size":"auto","background-attachment":"scroll","background-type":"","background-media":"","overlay-type":"","overlay-color":"","overlay-opacity":"","overlay-gradient":""},"tablet":{"background-color":"","background-image":"","background-repeat":"repeat","background-position":"center center","background-size":"auto","background-attachment":"scroll","background-type":"","background-media":"","overlay-type":"","overlay-color":"","overlay-opacity":"","overlay-gradient":""},"mobile":{"background-color":"","background-image":"","background-repeat":"repeat","background-position":"center center","background-size":"auto","background-attachment":"scroll","background-type":"","background-media":"","overlay-type":"","overlay-color":"","overlay-opacity":"","overlay-gradient":""}},"ast-content-background-meta":{"desktop":{"background-color":"var(--ast-global-color-5)","background-image":"","background-repeat":"repeat","background-position":"center center","background-size":"auto","background-attachment":"scroll","background-type":"","background-media":"","overlay-type":"","overlay-color":"","overlay-opacity":"","overlay-gradient":""},"tablet":{"background-color":"var(--ast-global-color-5)","background-image":"","background-repeat":"repeat","background-position":"center center","background-size":"auto","background-attachment":"scroll","background-type":"","background-media":"","overlay-type":"","overlay-color":"","overlay-opacity":"","overlay-gradient":""},"mobile":{"background-color":"var(--ast-global-color-5)","background-image":"","background-repeat":"repeat","background-position":"center center","background-size":"auto","background-attachment":"scroll","background-type":"","background-media":"","overlay-type":"","overlay-color":"","overlay-opacity":"","overlay-gradient":""}},"footnotes":""},"class_list":["post-96","page","type-page","status-publish","hentry"],"_links":{"self":[{"href":"https:\/\/www.jamhouseband.at\/index.php?rest_route=\/wp\/v2\/pages\/96","targetHints":{"allow":["GET"]}}],"collection":[{"href":"https:\/\/www.jamhouseband.at\/index.php?rest_route=\/wp\/v2\/pages"}],"about":[{"href":"https:\/\/www.jamhouseband.at\/index.php?rest_route=\/wp\/v2\/types\/page"}],"author":[{"embeddable":true,"href":"https:\/\/www.jamhouseband.at\/index.php?rest_route=\/wp\/v2\/users\/1"}],"replies":[{"embeddable":true,"href":"https:\/\/www.jamhouseband.at\/index.php?rest_route=%2Fwp%2Fv2%2Fcomments&post=96"}],"version-history":[{"count":3,"href":"https:\/\/www.jamhouseband.at\/index.php?rest_route=\/wp\/v2\/pages\/96\/revisions"}],"predecessor-version":[{"id":133,"href":"https:\/\/www.jamhouseband.at\/index.php?rest_route=\/wp\/v2\/pages\/96\/revisions\/133"}],"wp:attachment":[{"href":"https:\/\/www.jamhouseband.at\/index.php?rest_route=%2Fwp%2Fv2%2Fmedia&parent=96"}],"curies":[{"name":"wp","href":"https:\/\/api.w.org\/{rel}","templated":true}]}}